{"id":436,"date":"2019-02-13T07:32:02","date_gmt":"2019-02-13T10:32:02","guid":{"rendered":"https:\/\/hostalfrancisdrake.com\/site\/contacto\/"},"modified":"2025-06-13T13:39:36","modified_gmt":"2025-06-13T16:39:36","slug":"contacto","status":"publish","type":"page","link":"https:\/\/hostalfrancisdrake.com\/site\/es\/contacto\/","title":{"rendered":"Contacto"},"content":{"rendered":"<!--themify_builder_content-->\n<div id=\"themify_builder_content-436\" data-postid=\"436\" class=\"themify_builder_content themify_builder_content-436 themify_builder tf_clear\">\n                    <div  data-lazy=\"1\" class=\"module_row themify_builder_row tb_w5pp54 tb_first tf_w\">\n                        <div class=\"row_inner col_align_top tb_col_count_1 tf_box tf_rel\">\n                        <div  data-lazy=\"1\" class=\"module_column tb-column col-full tb_cc1t54 first\">\n                            <\/div>\n                        <\/div>\n        <\/div>\n                        <div  data-lazy=\"1\" class=\"module_row themify_builder_row tb_1e8v428 tf_w\">\n                        <div class=\"row_inner col_align_top tb_col_count_1 tf_box tf_rel\">\n                        <div  data-lazy=\"1\" class=\"module_column tb-column col-full tb_2yjg428 first\">\n                    <!-- module fancy heading -->\n<div  class=\"module module-fancy-heading tb_h6nn428  tb_hide_divider\" data-lazy=\"1\">\n        <h3 class=\"fancy-heading tf_textc\">\n    <span class=\"main-head tf_block\">\n                    Cont\u00e1ctenos            <\/span>\n\n    \n    <span class=\"sub-head tf_block tf_rel\">\n                    Denos un toque            <\/span>\n    <\/h3>\n<\/div>\n<!-- \/module fancy heading -->\n<!-- module image -->\n<div  class=\"module module-image tb_zewf428 image-center   tf_mw\" data-lazy=\"1\">\n        <div class=\"image-wrap tf_rel tf_mw\">\n            <img loading=\"lazy\" decoding=\"async\" width=\"300\" height=\"21\" src=\"https:\/\/hostalfrancisdrake.com\/site\/wp-content\/uploads\/2025\/01\/coffee-bean-divider.png\" class=\"wp-post-image wp-image-256\" title=\"coffee-bean-divider\" alt=\"coffee-bean-divider\">    \n        <\/div>\n    <!-- \/image-wrap -->\n    \n        <\/div>\n<!-- \/module image -->        <\/div>\n                        <\/div>\n        <\/div>\n                        <div  data-lazy=\"1\" class=\"module_row themify_builder_row tb_3k08297 tf_w\">\n            <span class=\"builder_row_cover tf_abs\"><\/span>            <div class=\"row_inner col_align_top tb_col_count_1 tf_box tf_rel\">\n                        <div  data-lazy=\"1\" class=\"module_column tb-column col-full tb_qv1u297 first\">\n                    <!-- module fancy heading -->\n<div  class=\"module module-fancy-heading tb_4dhi297  tb_hide_divider\" data-lazy=\"1\">\n        <h3 class=\"fancy-heading tf_textc\">\n    <span class=\"main-head tf_block\">\n                    Formulario            <\/span>\n\n    \n    <span class=\"sub-head tf_block tf_rel\">\n                                <\/span>\n    <\/h3>\n<\/div>\n<!-- \/module fancy heading -->\n<!-- module contact -->\n<div  id=\"tb_o31g297\" class=\"module module-contact tb_o31g297 contact-animated-label \" data-lazy=\"1\">\n    \n\t<form class=\"builder-contact\"\n\t\tid=\"tb_o31g297-form\"\n\t\tmethod=\"post\"\n\t\tdata-post-id=\"436\"\n\t\tdata-element-id=\"o31g297\"\n\t\tdata-orig-id=\"436\"\n\t>\n    <div class=\"contact-message\"><\/div>\n\t<div class=\"builder-contact-fields tf_rel\">\n\t\t    \t\t    <div class=\"builder-contact-field builder-contact-field-name builder-contact-text-field\">\n\t\t\t    <label class=\"control-label\" for=\"tb_o31g297-contact-name\">\n\t\t\t\t\t\t\t\t\t\t<span class=\"tb-label-span\">Nombre <\/span><span class=\"required\">*<\/span>\t\t\t\t<\/label>\n\t\t\t    <div class=\"control-input tf_rel\">\n\t\t\t\t    \t\t\t\t\t    <input type=\"text\" name=\"contact-name\" placeholder=\" \" id=\"tb_o31g297-contact-name\" value=\"\" class=\"form-control\" required>\n\t\t\t\t    \t\t\t\t    \t\t\t\t\t    <span class=\"tb_contact_label\">\n\t\t\t\t\t\t    <span class=\"tb-label-span\">Nombre <\/span><span class=\"required\">*<\/span>\t\t\t\t\t    <\/span>\n\t\t\t\t    \t\t\t    <\/div>\n\t\t<\/div>\n\t    \n\t\t    \t\t    <div class=\"builder-contact-field builder-contact-field-email builder-contact-text-field\">\n\t\t\t    <label class=\"control-label\" for=\"tb_o31g297-contact-email\">\n\t\t\t\t\t\t\t\t\t\t<span class=\"tb-label-span\">Su Email <\/span><span class=\"required\">*<\/span>\t\t\t\t<\/label>\n\t\t\t    <div class=\"control-input tf_rel\">\n\t\t\t\t    \t\t\t\t\t    <input type=\"email\" name=\"contact-email\" placeholder=\" \" id=\"tb_o31g297-contact-email\" value=\"\" class=\"form-control\" required>\n\t\t\t\t    \t\t\t\t    \t\t\t\t\t    <span class=\"tb_contact_label\">\n\t\t\t\t\t\t    <span class=\"tb-label-span\">Su Email <\/span><span class=\"required\">*<\/span>\t\t\t\t\t    <\/span>\n\t\t\t\t    \t\t\t    <\/div>\n\t\t<\/div>\n\t    \n\t\t    \t\t    <div class=\"builder-contact-field builder-contact-field-subject builder-contact-text-field\">\n\t\t\t    <label class=\"control-label\" for=\"tb_o31g297-contact-subject\">\n\t\t\t\t\t\t\t\t\t\t<span class=\"tb-label-span\">Asunto <\/span><span class=\"required\">*<\/span>\t\t\t\t<\/label>\n\t\t\t    <div class=\"control-input tf_rel\">\n\t\t\t\t    \t\t\t\t\t    <input type=\"text\" name=\"contact-subject\" placeholder=\" \" id=\"tb_o31g297-contact-subject\" value=\"\" class=\"form-control\" required>\n\t\t\t\t    \t\t\t\t    \t\t\t\t\t    <span class=\"tb_contact_label\">\n\t\t\t\t\t\t    <span class=\"tb-label-span\">Asunto <\/span><span class=\"required\">*<\/span>\t\t\t\t\t    <\/span>\n\t\t\t\t    \t\t\t    <\/div>\n\t\t<\/div>\n\t    \n\t\t    \t\t    <div class=\"builder-contact-field builder-contact-field-message builder-contact-textarea-field\">\n\t\t\t    <label class=\"control-label\" for=\"tb_o31g297-contact-message\">\n\t\t\t\t\t\t\t\t\t\t<span class=\"tb-label-span\">Mensaje <\/span>\t\t\t\t<\/label>\n\t\t\t    <div class=\"control-input tf_rel\">\n\t\t\t\t    \t\t\t\t\t    <textarea name=\"contact-message\" placeholder=\" \" id=\"tb_o31g297-contact-message\" class=\"form-control\"><\/textarea>\n\t\t\t\t    \t\t\t\t    \t\t\t\t\t    <span class=\"tb_contact_label\">\n\t\t\t\t\t\t    <span class=\"tb-label-span\">Mensaje <\/span>\t\t\t\t\t    <\/span>\n\t\t\t\t    \t\t\t    <\/div>\n\t\t<\/div>\n\t    \n\t\t    \t\t\n\t\t\n\t    \n\t    <div class=\"builder-contact-field builder-contact-field-send control-input tf_textc tf_clear tf_rel\">\n\t\t\t<button type=\"submit\" class=\"btn btn-primary\">\n\t\t\t\t<span class=\"tf_loader\"><\/span>\t\t\t\t<span class=\"tf_submit_icon\"><\/span> \n\t\t\t\tEnviar\t\t\t<\/button>\n\t    <\/div>\n\t<\/div>\n    <\/form>\n    <\/div>\n<!-- \/module contact -->\n        <\/div>\n                        <\/div>\n        <\/div>\n                        <div  data-lazy=\"1\" class=\"module_row themify_builder_row tb_vbmk235 tf_w\">\n                        <div class=\"row_inner col_align_top tb_col_count_1 tf_box tf_rel\">\n                        <div  data-lazy=\"1\" class=\"module_column tb-column col-full tb_hjml235 first\">\n                            <div  data-lazy=\"1\" class=\"module_subrow themify_builder_sub_row tf_w col_align_top tb_col_count_1 tb_w29y235\">\n                <div  data-lazy=\"1\" class=\"module_column sub_column col-full tb_rbta235 first\">\n                    <!-- module icon -->\n<div  class=\"module module-icon tb_oq7s235    icon_horizontal \" data-lazy=\"1\">\n            <div class=\"module-icon-item\">\n                                                                <em class=\"tf_box\"><svg  class=\"tf_fa tf-ti-location-pin\" aria-hidden=\"true\"><use href=\"#tf-ti-location-pin\"><\/use><\/svg><\/em>\n                                                                            <span>Direcci\u00f3n<\/span>\n                                                            <\/div>\n    <\/div>\n<!-- \/module icon -->\n<!-- module text -->\n<div  class=\"module module-text tb_dwcz235   \" data-lazy=\"1\">\n        <div  class=\"tb_text_wrap\">\n        <p>Phillipi 383<br>Puerto Natales<br>Provincia de \u00daltima Esperanza<br>Regi\u00f3n de Magallanes y Ant\u00e1rtica<br>Chilena<br>Chile<\/p>    <\/div>\n<\/div>\n<!-- \/module text --><!-- module icon -->\n<div  class=\"module module-icon tb_aq0x212    icon_horizontal \" data-lazy=\"1\">\n            <div class=\"module-icon-item\">\n                                                                <em class=\"tf_box\"><svg  class=\"tf_fa tf-fas-fax\" aria-hidden=\"true\"><use href=\"#tf-fas-fax\"><\/use><\/svg><\/em>\n                                                                            <span>Ayuda<\/span>\n                                                            <\/div>\n    <\/div>\n<!-- \/module icon -->\n<!-- module text -->\n<div  class=\"module module-text tb_9h81235   \" data-lazy=\"1\">\n        <div  class=\"tb_text_wrap\">\n        <p><span style=\"text-align: center; font-size: 1em;\">+56612411553<\/span><\/p>    <\/div>\n<\/div>\n<!-- \/module text --><!-- module icon -->\n<div  class=\"module module-icon tb_3r6b235    icon_horizontal \" data-lazy=\"1\">\n            <div class=\"module-icon-item\">\n                                                                <em class=\"tf_box\"><svg  class=\"tf_fa tf-fab-whatsapp\" aria-hidden=\"true\"><use href=\"#tf-fab-whatsapp\"><\/use><\/svg><\/em>\n                                                                            <span>WhatsApp<\/span>\n                                                            <\/div>\n    <\/div>\n<!-- \/module icon -->\n<!-- module text -->\n<div  class=\"module module-text tb_h7mc562   \" data-lazy=\"1\">\n        <div  class=\"tb_text_wrap\">\n        <p><a href=\"https:\/\/wa.me\/+56985985132\">+56985985132 Click para enviar mensaje.<\/a><\/p>\n    <\/div>\n<\/div>\n<!-- \/module text -->        <\/div>\n                    <\/div>\n                <\/div>\n                        <\/div>\n        <\/div>\n        <\/div>\n<!--\/themify_builder_content-->","protected":false},"excerpt":{"rendered":"<p>Phillipi 383Puerto NatalesProvincia de \u00daltima EsperanzaRegi\u00f3n de Magallanes y Ant\u00e1rticaChilenaChile<\/p>\n","protected":false},"author":1,"featured_media":0,"parent":0,"menu_order":0,"comment_status":"closed","ping_status":"closed","template":"","meta":{"footnotes":""},"class_list":["post-436","page","type-page","status-publish","hentry","has-post-title","has-post-date","has-post-category","has-post-tag","has-post-comment","has-post-author",""],"builder_content":"<h3>Cont\u00e1ctenos<br\/>Denos un toque<\/h3>\n<img src=\"https:\/\/hostalfrancisdrake.com\/site\/wp-content\/uploads\/2025\/01\/coffee-bean-divider.png\" title=\"coffee-bean-divider\" alt=\"coffee-bean-divider\">\n<h3>Formulario<br\/><\/h3>\n<form id=\"tb_o31g297-form\" method=\"post\" data-post-id=\"0\" data-element-id=\"o31g297\" data-orig-id=\"436\" > <label for=\"tb_o31g297-contact-name\"> Nombre * <\/label> <input type=\"text\" name=\"contact-name\" placeholder=\" \" id=\"tb_o31g297-contact-name\" value=\"\" required> Nombre * <label for=\"tb_o31g297-contact-email\"> Su Email * <\/label> <input type=\"email\" name=\"contact-email\" placeholder=\" \" id=\"tb_o31g297-contact-email\" value=\"\" required> Su Email * <label for=\"tb_o31g297-contact-subject\"> Asunto * <\/label> <input type=\"text\" name=\"contact-subject\" placeholder=\" \" id=\"tb_o31g297-contact-subject\" value=\"\" required> Asunto * <label for=\"tb_o31g297-contact-message\"> Mensaje <\/label> <textarea name=\"contact-message\" placeholder=\" \" id=\"tb_o31g297-contact-message\"><\/textarea> Mensaje <button type=\"submit\"> Enviar <\/button> <\/form>\n<em><svg aria-hidden=\"true\"><use href=\"#tf-ti-location-pin\"><\/use><\/svg><\/em> Direcci\u00f3n\n<p>Phillipi 383<br>Puerto Natales<br>Provincia de \u00daltima Esperanza<br>Regi\u00f3n de Magallanes y Ant\u00e1rtica<br>Chilena<br>Chile<\/p>\n<em><svg aria-hidden=\"true\"><use href=\"#tf-fas-fax\"><\/use><\/svg><\/em> Ayuda\n<p>+56612411553<\/p>\n<em><svg aria-hidden=\"true\"><use href=\"#tf-fab-whatsapp\"><\/use><\/svg><\/em> WhatsApp\n<p><a href=\"https:\/\/wa.me\/+56985985132\">+56985985132 Click para enviar mensaje.<\/a><\/p>","_links":{"self":[{"href":"https:\/\/hostalfrancisdrake.com\/site\/es\/wp-json\/wp\/v2\/pages\/436","targetHints":{"allow":["GET"]}}],"collection":[{"href":"https:\/\/hostalfrancisdrake.com\/site\/es\/wp-json\/wp\/v2\/pages"}],"about":[{"href":"https:\/\/hostalfrancisdrake.com\/site\/es\/wp-json\/wp\/v2\/types\/page"}],"author":[{"embeddable":true,"href":"https:\/\/hostalfrancisdrake.com\/site\/es\/wp-json\/wp\/v2\/users\/1"}],"replies":[{"embeddable":true,"href":"https:\/\/hostalfrancisdrake.com\/site\/es\/wp-json\/wp\/v2\/comments?post=436"}],"version-history":[{"count":13,"href":"https:\/\/hostalfrancisdrake.com\/site\/es\/wp-json\/wp\/v2\/pages\/436\/revisions"}],"predecessor-version":[{"id":479,"href":"https:\/\/hostalfrancisdrake.com\/site\/es\/wp-json\/wp\/v2\/pages\/436\/revisions\/479"}],"wp:attachment":[{"href":"https:\/\/hostalfrancisdrake.com\/site\/es\/wp-json\/wp\/v2\/media?parent=436"}],"curies":[{"name":"wp","href":"https:\/\/api.w.org\/{rel}","templated":true}]}}